{"id":151596,"date":"2025-03-11T15:48:07","date_gmt":"2025-03-11T14:48:07","guid":{"rendered":"https:\/\/mekonomen.24sevenstore.no\/?post_type=product&#038;p=151596"},"modified":"2025-03-12T08:39:21","modified_gmt":"2025-03-12T07:39:21","slug":"meko-meadows-vest","status":"publish","type":"product","link":"https:\/\/mekonomen.24sevenstore.no\/index.php\/product\/meko-meadows-vest\/","title":{"rendered":"MEKO James Harvest &#8211; Meadows Vest \/ Hvit logo"},"content":{"rendered":"<style type=\"text\/css\"><\/style><p>Denne vatterte vesten er laget av slitesterkt ripstop-ytterstoff av sertifisert resirkulert polyamid. Vesten har to sidelommer med glidel\u00e5s og en brystlomme med glidel\u00e5s som s\u00f8rger for praktisk og sikker oppbevaring. Den elastiske bindingen ved ermhullene s\u00f8rger for en tettsittende passform, mens den justerbare kanten med elastisk sn\u00f8ring, s\u00f8rger for at du kan tilpasse vesten etter egen komfort. I tillegg har vesten en p\u00e5sydd innerlomme med borrel\u00e5s og en hakebeskytter for ekstra bekvemmelighet og beskyttelse.<\/p>\n<p>&nbsp;<\/p>\n<div>\n<div class=\"sc-s31epd-0 dmFsCg d-inline f3-700 mr-1\"><strong>Materiale:<\/strong> Skall: 100 % Resirkulert Polyamid 20D 0,25 Ripstop C. Zero DWR, 38 g\/m\u00b2. F\u00f4r: 100 % Resirkulert Polyester, 380T Taft Solid, 37 g\/m\u00b2. Vattering: Resirkulert kvalitet, 180 g\/m\u00b2<\/div>\n<\/div>\n<div>\n<div class=\"sc-s31epd-0 dmFsCg d-inline f3-700 mr-1\"><strong>Vekt:<\/strong> Shell: 38 g\/m\u00b2 &#8211; Padding: 160 g\/m\u00b2 &#8211; Lining: 37 g\/m\u00b2<\/div>\n<\/div>\n<div>\n<div class=\"sc-s31epd-0 dmFsCg d-inline f3-700 mr-1\"><strong>M\u00e5l:<\/strong> \u2642<\/div>\n<\/div>\n<div>\n<div class=\"sc-s31epd-0 dmFsCg d-inline f3-700 mr-1\"><strong>Teknisk kommentar:<\/strong> WP 600 &#8211; tested according to AATCC 22<\/div>\n<\/div>\n<div>\n<div class=\"sc-s31epd-0 dmFsCg d-inline f3-700 mr-1\"><strong>Kj\u00f8nn:<\/strong> Herrer<\/div>\n<\/div>\n<div>\n<div class=\"sc-s31epd-0 dmFsCg d-inline f3-700 mr-1\"><strong>Lommer:<\/strong> Zipper pockets<\/div>\n<\/div>\n<div>\n<div class=\"sc-s31epd-0 dmFsCg d-inline f3-700 mr-1\"><strong>Halskant:<\/strong> Collar<\/div>\n<\/div>\n<div>\n<div class=\"sc-s31epd-0 dmFsCg d-inline f3-700 mr-1\"><strong>Closure:<\/strong> Zipper<\/div>\n<\/div>\n<div>\n<div class=\"sc-s31epd-0 dmFsCg d-inline f3-700 mr-1\"><strong>Hettedetaljer:<\/strong> None<\/div>\n<\/div>\n<div>\n<div class=\"sc-s31epd-0 dmFsCg d-inline f3-700 mr-1\"><strong>Erme:<\/strong> No Sleeve<\/div>\n<\/div>\n","protected":false},"excerpt":{"rendered":"<p>Denne vatterte vesten er laget av slitesterkt ripstop-ytterstoff av sertifisert resirkulert polyamid. Vesten har to sidelommer med glidel\u00e5s og en brystlomme med glidel\u00e5s som s\u00f8rger for praktisk og sikker oppbevaring. Den elastiske bindingen ved ermhullene s\u00f8rger for en tettsittende passform, mens den justerbare kanten med elastisk sn\u00f8ring, s\u00f8rger for at du kan tilpasse vesten etter egen komfort. I tillegg har vesten en p\u00e5sydd innerlomme med borrel\u00e5s og en hakebeskytter for ekstra bekvemmelighet og beskyttelse.<\/p>\n","protected":false},"featured_media":151838,"template":"","meta":[],"product_brand":[],"product_cat":[107],"product_tag":[],"class_list":{"0":"post-151596","1":"product","2":"type-product","3":"status-publish","4":"has-post-thumbnail","6":"product_cat-herrekolleksjon-meko","8":"first","9":"instock","10":"taxable","11":"shipping-taxable","12":"purchasable","13":"product-type-variable"},"yoast_head":"<!-- This site is optimized with the Yoast SEO plugin v27.1.1 - https:\/\/yoast.com\/product\/yoast-seo-wordpress\/ -->\n<title>MEKO James Harvest - Meadows Vest \/ Hvit logo - Mekonomen Nettbutikk<\/title>\n<meta name=\"robots\" content=\"index, follow, max-snippet:-1, max-image-preview:large, max-video-preview:-1\" \/>\n<link rel=\"canonical\" href=\"https:\/\/mekonomen.24sevenstore.no\/index.php\/product\/meko-meadows-vest\/\" \/>\n<meta property=\"og:locale\" content=\"nb_NO\" \/>\n<meta property=\"og:type\" content=\"article\" \/>\n<meta property=\"og:title\" content=\"MEKO James Harvest - Meadows Vest \/ Hvit logo - Mekonomen Nettbutikk\" \/>\n<meta property=\"og:description\" content=\"Denne vatterte vesten er laget av slitesterkt ripstop-ytterstoff av sertifisert resirkulert polyamid. Vesten har to sidelommer med glidel\u00e5s og en brystlomme med glidel\u00e5s som s\u00f8rger for praktisk og sikker oppbevaring. Den elastiske bindingen ved ermhullene s\u00f8rger for en tettsittende passform, mens den justerbare kanten med elastisk sn\u00f8ring, s\u00f8rger for at du kan tilpasse vesten etter egen komfort. I tillegg har vesten en p\u00e5sydd innerlomme med borrel\u00e5s og en hakebeskytter for ekstra bekvemmelighet og beskyttelse.\" \/>\n<meta property=\"og:url\" content=\"https:\/\/mekonomen.24sevenstore.no\/index.php\/product\/meko-meadows-vest\/\" \/>\n<meta property=\"og:site_name\" content=\"Mekonomen Nettbutikk\" \/>\n<meta property=\"article:modified_time\" content=\"2025-03-12T07:39:21+00:00\" \/>\n<meta property=\"og:image\" content=\"https:\/\/mekonomen.24sevenstore.no\/wp-content\/uploads\/2025\/03\/MEKO_JH_Meadows_Vest_Part1-WHITE.jpg\" \/>\n\t<meta property=\"og:image:width\" content=\"425\" \/>\n\t<meta property=\"og:image:height\" content=\"425\" \/>\n\t<meta property=\"og:image:type\" content=\"image\/jpeg\" \/>\n<meta name=\"twitter:card\" content=\"summary_large_image\" \/>\n<meta name=\"twitter:label1\" content=\"Ansl. lesetid\" \/>\n\t<meta name=\"twitter:data1\" content=\"1 minutt\" \/>\n<script type=\"application\/ld+json\" class=\"yoast-schema-graph\">{\"@context\":\"https:\/\/schema.org\",\"@graph\":[{\"@type\":\"WebPage\",\"@id\":\"https:\/\/mekonomen.24sevenstore.no\/index.php\/product\/meko-meadows-vest\/\",\"url\":\"https:\/\/mekonomen.24sevenstore.no\/index.php\/product\/meko-meadows-vest\/\",\"name\":\"MEKO James Harvest - Meadows Vest \/ Hvit logo - Mekonomen Nettbutikk\",\"isPartOf\":{\"@id\":\"https:\/\/mekonomen.24sevenstore.no\/#website\"},\"primaryImageOfPage\":{\"@id\":\"https:\/\/mekonomen.24sevenstore.no\/index.php\/product\/meko-meadows-vest\/#primaryimage\"},\"image\":{\"@id\":\"https:\/\/mekonomen.24sevenstore.no\/index.php\/product\/meko-meadows-vest\/#primaryimage\"},\"thumbnailUrl\":\"https:\/\/mekonomen.24sevenstore.no\/wp-content\/uploads\/2025\/03\/MEKO_JH_Meadows_Vest_Part1-WHITE.jpg\",\"datePublished\":\"2025-03-11T14:48:07+00:00\",\"dateModified\":\"2025-03-12T07:39:21+00:00\",\"breadcrumb\":{\"@id\":\"https:\/\/mekonomen.24sevenstore.no\/index.php\/product\/meko-meadows-vest\/#breadcrumb\"},\"inLanguage\":\"nb-NO\",\"potentialAction\":[{\"@type\":\"ReadAction\",\"target\":[\"https:\/\/mekonomen.24sevenstore.no\/index.php\/product\/meko-meadows-vest\/\"]}]},{\"@type\":\"ImageObject\",\"inLanguage\":\"nb-NO\",\"@id\":\"https:\/\/mekonomen.24sevenstore.no\/index.php\/product\/meko-meadows-vest\/#primaryimage\",\"url\":\"https:\/\/mekonomen.24sevenstore.no\/wp-content\/uploads\/2025\/03\/MEKO_JH_Meadows_Vest_Part1-WHITE.jpg\",\"contentUrl\":\"https:\/\/mekonomen.24sevenstore.no\/wp-content\/uploads\/2025\/03\/MEKO_JH_Meadows_Vest_Part1-WHITE.jpg\",\"width\":425,\"height\":425},{\"@type\":\"BreadcrumbList\",\"@id\":\"https:\/\/mekonomen.24sevenstore.no\/index.php\/product\/meko-meadows-vest\/#breadcrumb\",\"itemListElement\":[{\"@type\":\"ListItem\",\"position\":1,\"name\":\"Home\",\"item\":\"https:\/\/mekonomen.24sevenstore.no\/\"},{\"@type\":\"ListItem\",\"position\":2,\"name\":\"Shop\",\"item\":\"https:\/\/mekonomen.24sevenstore.no\/index.php\/shop\/\"},{\"@type\":\"ListItem\",\"position\":3,\"name\":\"MEKO James Harvest &#8211; Meadows Vest \/ Hvit logo\"}]},{\"@type\":\"WebSite\",\"@id\":\"https:\/\/mekonomen.24sevenstore.no\/#website\",\"url\":\"https:\/\/mekonomen.24sevenstore.no\/\",\"name\":\"Mekonomen Nettbutikk\",\"description\":\"Profilhuset AS\",\"potentialAction\":[{\"@type\":\"SearchAction\",\"target\":{\"@type\":\"EntryPoint\",\"urlTemplate\":\"https:\/\/mekonomen.24sevenstore.no\/?s={search_term_string}\"},\"query-input\":{\"@type\":\"PropertyValueSpecification\",\"valueRequired\":true,\"valueName\":\"search_term_string\"}}],\"inLanguage\":\"nb-NO\"}]}<\/script>\n<!-- \/ Yoast SEO plugin. -->","yoast_head_json":{"title":"MEKO James Harvest - Meadows Vest \/ Hvit logo - Mekonomen Nettbutikk","robots":{"index":"index","follow":"follow","max-snippet":"max-snippet:-1","max-image-preview":"max-image-preview:large","max-video-preview":"max-video-preview:-1"},"canonical":"https:\/\/mekonomen.24sevenstore.no\/index.php\/product\/meko-meadows-vest\/","og_locale":"nb_NO","og_type":"article","og_title":"MEKO James Harvest - Meadows Vest \/ Hvit logo - Mekonomen Nettbutikk","og_description":"Denne vatterte vesten er laget av slitesterkt ripstop-ytterstoff av sertifisert resirkulert polyamid. Vesten har to sidelommer med glidel\u00e5s og en brystlomme med glidel\u00e5s som s\u00f8rger for praktisk og sikker oppbevaring. Den elastiske bindingen ved ermhullene s\u00f8rger for en tettsittende passform, mens den justerbare kanten med elastisk sn\u00f8ring, s\u00f8rger for at du kan tilpasse vesten etter egen komfort. I tillegg har vesten en p\u00e5sydd innerlomme med borrel\u00e5s og en hakebeskytter for ekstra bekvemmelighet og beskyttelse.","og_url":"https:\/\/mekonomen.24sevenstore.no\/index.php\/product\/meko-meadows-vest\/","og_site_name":"Mekonomen Nettbutikk","article_modified_time":"2025-03-12T07:39:21+00:00","og_image":[{"width":425,"height":425,"url":"https:\/\/mekonomen.24sevenstore.no\/wp-content\/uploads\/2025\/03\/MEKO_JH_Meadows_Vest_Part1-WHITE.jpg","type":"image\/jpeg"}],"twitter_card":"summary_large_image","twitter_misc":{"Ansl. lesetid":"1 minutt"},"schema":{"@context":"https:\/\/schema.org","@graph":[{"@type":"WebPage","@id":"https:\/\/mekonomen.24sevenstore.no\/index.php\/product\/meko-meadows-vest\/","url":"https:\/\/mekonomen.24sevenstore.no\/index.php\/product\/meko-meadows-vest\/","name":"MEKO James Harvest - Meadows Vest \/ Hvit logo - Mekonomen Nettbutikk","isPartOf":{"@id":"https:\/\/mekonomen.24sevenstore.no\/#website"},"primaryImageOfPage":{"@id":"https:\/\/mekonomen.24sevenstore.no\/index.php\/product\/meko-meadows-vest\/#primaryimage"},"image":{"@id":"https:\/\/mekonomen.24sevenstore.no\/index.php\/product\/meko-meadows-vest\/#primaryimage"},"thumbnailUrl":"https:\/\/mekonomen.24sevenstore.no\/wp-content\/uploads\/2025\/03\/MEKO_JH_Meadows_Vest_Part1-WHITE.jpg","datePublished":"2025-03-11T14:48:07+00:00","dateModified":"2025-03-12T07:39:21+00:00","breadcrumb":{"@id":"https:\/\/mekonomen.24sevenstore.no\/index.php\/product\/meko-meadows-vest\/#breadcrumb"},"inLanguage":"nb-NO","potentialAction":[{"@type":"ReadAction","target":["https:\/\/mekonomen.24sevenstore.no\/index.php\/product\/meko-meadows-vest\/"]}]},{"@type":"ImageObject","inLanguage":"nb-NO","@id":"https:\/\/mekonomen.24sevenstore.no\/index.php\/product\/meko-meadows-vest\/#primaryimage","url":"https:\/\/mekonomen.24sevenstore.no\/wp-content\/uploads\/2025\/03\/MEKO_JH_Meadows_Vest_Part1-WHITE.jpg","contentUrl":"https:\/\/mekonomen.24sevenstore.no\/wp-content\/uploads\/2025\/03\/MEKO_JH_Meadows_Vest_Part1-WHITE.jpg","width":425,"height":425},{"@type":"BreadcrumbList","@id":"https:\/\/mekonomen.24sevenstore.no\/index.php\/product\/meko-meadows-vest\/#breadcrumb","itemListElement":[{"@type":"ListItem","position":1,"name":"Home","item":"https:\/\/mekonomen.24sevenstore.no\/"},{"@type":"ListItem","position":2,"name":"Shop","item":"https:\/\/mekonomen.24sevenstore.no\/index.php\/shop\/"},{"@type":"ListItem","position":3,"name":"MEKO James Harvest &#8211; Meadows Vest \/ Hvit logo"}]},{"@type":"WebSite","@id":"https:\/\/mekonomen.24sevenstore.no\/#website","url":"https:\/\/mekonomen.24sevenstore.no\/","name":"Mekonomen Nettbutikk","description":"Profilhuset AS","potentialAction":[{"@type":"SearchAction","target":{"@type":"EntryPoint","urlTemplate":"https:\/\/mekonomen.24sevenstore.no\/?s={search_term_string}"},"query-input":{"@type":"PropertyValueSpecification","valueRequired":true,"valueName":"search_term_string"}}],"inLanguage":"nb-NO"}]}},"_links":{"self":[{"href":"https:\/\/mekonomen.24sevenstore.no\/index.php\/wp-json\/wp\/v2\/product\/151596","targetHints":{"allow":["GET"]}}],"collection":[{"href":"https:\/\/mekonomen.24sevenstore.no\/index.php\/wp-json\/wp\/v2\/product"}],"about":[{"href":"https:\/\/mekonomen.24sevenstore.no\/index.php\/wp-json\/wp\/v2\/types\/product"}],"wp:featuredmedia":[{"embeddable":true,"href":"https:\/\/mekonomen.24sevenstore.no\/index.php\/wp-json\/wp\/v2\/media\/151838"}],"wp:attachment":[{"href":"https:\/\/mekonomen.24sevenstore.no\/index.php\/wp-json\/wp\/v2\/media?parent=151596"}],"wp:term":[{"taxonomy":"product_brand","embeddable":true,"href":"https:\/\/mekonomen.24sevenstore.no\/index.php\/wp-json\/wp\/v2\/product_brand?post=151596"},{"taxonomy":"product_cat","embeddable":true,"href":"https:\/\/mekonomen.24sevenstore.no\/index.php\/wp-json\/wp\/v2\/product_cat?post=151596"},{"taxonomy":"product_tag","embeddable":true,"href":"https:\/\/mekonomen.24sevenstore.no\/index.php\/wp-json\/wp\/v2\/product_tag?post=151596"}],"curies":[{"name":"wp","href":"https:\/\/api.w.org\/{rel}","templated":true}]}}