{"id":406,"date":"2020-02-11T12:33:01","date_gmt":"2020-02-11T12:33:01","guid":{"rendered":"https:\/\/mekonomen.24sevenstore.no\/?page_id=406"},"modified":"2023-02-13T12:32:44","modified_gmt":"2023-02-13T11:32:44","slug":"kontakt-oss","status":"publish","type":"page","link":"https:\/\/mekonomen.24sevenstore.no\/index.php\/kontakt-oss\/","title":{"rendered":"Kontakt oss"},"content":{"rendered":"<section class=\"wpb-content-wrapper\"><style type=\"text\/css\"><\/style><p>[vc_row][vc_column width=&raquo;1\/2&#8243;][vc_single_image image=&raquo;3628&#8243; img_size=&raquo;500&#215;300&#8243;][\/vc_column][vc_column width=&raquo;1\/2&#8243;][vc_column_text]<\/p>\n<div class=\"row\">\n<div class=\"col-xs-12\">\n<div>Hvis du har sp\u00f8rsm\u00e5l, ta gjerne kontakt med oss.<\/div>\n<\/div>\n<\/div>\n<p>&nbsp;<\/p>\n<div class=\"row\">\n<div class=\"col-xs-12 col-md-6\">\n<p>Profilhuset AS<br \/>\nBj\u00f8rnerudveien 12B<br \/>\n1266 Oslo<\/p>\n<p><a href=\"mailto:monica@profilhuset.no\">monica@profilhuset.no<\/a><br \/>\n<a href=\"tel:004747332952\">(+47) 47332952<\/a><\/p>\n<\/div>\n<\/div>\n<p>[\/vc_column_text][\/vc_column][\/vc_row][vc_row][vc_column]\n<div class=\"wpcf7 no-js\" id=\"wpcf7-f948-o1\" lang=\"nb-NO\" dir=\"ltr\" data-wpcf7-id=\"948\">\n<div class=\"screen-reader-response\"><p role=\"status\" aria-live=\"polite\" aria-atomic=\"true\"><\/p> <ul><\/ul><\/div>\n<form action=\"\/index.php\/wp-json\/wp\/v2\/pages\/406#wpcf7-f948-o1\" method=\"post\" class=\"wpcf7-form init\" aria-label=\"Kontaktskjema\" novalidate=\"novalidate\" data-status=\"init\">\n<fieldset class=\"hidden-fields-container\"><input type=\"hidden\" name=\"_wpcf7\" value=\"948\" \/><input type=\"hidden\" name=\"_wpcf7_version\" value=\"6.1.5\" \/><input type=\"hidden\" name=\"_wpcf7_locale\" value=\"nb_NO\" \/><input type=\"hidden\" name=\"_wpcf7_unit_tag\" value=\"wpcf7-f948-o1\" \/><input type=\"hidden\" name=\"_wpcf7_container_post\" value=\"0\" \/><input type=\"hidden\" name=\"_wpcf7_posted_data_hash\" value=\"\" \/>\n<\/fieldset>\n<p><label> Ditt navn (*)<br \/>\n<span class=\"wpcf7-form-control-wrap\" data-name=\"your-name\"><input size=\"40\" maxlength=\"400\" class=\"wpcf7-form-control wpcf7-text wpcf7-validates-as-required\" aria-required=\"true\" aria-invalid=\"false\" value=\"\" type=\"text\" name=\"your-name\" \/><\/span> <\/label>\n<\/p>\n<p><label> E-post (*)<br \/>\n<span class=\"wpcf7-form-control-wrap\" data-name=\"your-email\"><input size=\"40\" maxlength=\"400\" class=\"wpcf7-form-control wpcf7-email wpcf7-validates-as-required wpcf7-text wpcf7-validates-as-email\" aria-required=\"true\" aria-invalid=\"false\" value=\"\" type=\"email\" name=\"your-email\" \/><\/span> <\/label>\n<\/p>\n<p><label> Telefonnummer (*)<br \/>\n<span class=\"wpcf7-form-control-wrap\" data-name=\"tel-728\"><input size=\"40\" maxlength=\"400\" class=\"wpcf7-form-control wpcf7-tel wpcf7-validates-as-required wpcf7-text wpcf7-validates-as-tel\" aria-required=\"true\" aria-invalid=\"false\" value=\"\" type=\"tel\" name=\"tel-728\" \/><\/span> <\/label>\n<\/p>\n<p><label> Emne<br \/>\n<span class=\"wpcf7-form-control-wrap\" data-name=\"your-subject\"><input size=\"40\" maxlength=\"400\" class=\"wpcf7-form-control wpcf7-text\" aria-invalid=\"false\" value=\"\" type=\"text\" name=\"your-subject\" \/><\/span> <\/label>\n<\/p>\n<p><label> Melding<br \/>\n<span class=\"wpcf7-form-control-wrap\" data-name=\"your-message\"><textarea cols=\"40\" rows=\"10\" maxlength=\"2000\" class=\"wpcf7-form-control wpcf7-textarea\" aria-invalid=\"false\" name=\"your-message\"><\/textarea><\/span> <\/label>\n<\/p>\n<p><span class=\"wpcf7-form-control-wrap\" data-name=\"acceptance-61\"><span class=\"wpcf7-form-control wpcf7-acceptance\"><span class=\"wpcf7-list-item\"><label><input type=\"checkbox\" name=\"acceptance-61\" value=\"1\" aria-invalid=\"false\" \/><span class=\"wpcf7-list-item-label\">Jeg godtar at Profilhuset kan kontakte meg ved utfyllelse og innsendelse av dette skjema<\/span><\/label><\/span><\/span><\/span>\n<\/p>\n<p><input class=\"wpcf7-form-control wpcf7-submit has-spinner\" type=\"submit\" value=\"Send inn\" \/>\n<\/p><div class=\"wpcf7-response-output\" aria-hidden=\"true\"><\/div>\n<\/form>\n<\/div>\n[\/vc_column][\/vc_row][vc_row][vc_column][vc_gmaps link=&raquo;#E-8_JTNDaWZyYW1lJTIwc3JjJTNEJTIyaHR0cHMlM0ElMkYlMkZ3d3cuZ29vZ2xlLmNvbSUyRm1hcHMlMkZlbWJlZCUzRnBiJTNEJTIxMW0xNCUyMTFtOCUyMTFtMyUyMTFkNDAwOC43NDgwOTgxNDMyMDYlMjEyZDEwLjgxOTY2MiUyMTNkNTkuODQyOTI4MDAwMDAwMDElMjEzbTIlMjExaTEwMjQlMjEyaTc2OCUyMTRmMTMuMSUyMTNtMyUyMTFtMiUyMTFzMHgwJTI1M0EweDhmOTNjOGMzYTFiMDI2MzQlMjEyc1Byb2ZpbGh1c2V0JTI1MjBHb3NoJTI1MjBBUyUyMTVlMCUyMTNtMiUyMTFzbm8lMjEyc25vJTIxNHYxNjczNjAxNDU0MTM3JTIxNW0yJTIxMXNubyUyMTJzbm8lMjIlMjB3aWR0aCUzRCUyMjYwMCUyMiUyMGhlaWdodCUzRCUyMjQ1MCUyMiUyMHN0eWxlJTNEJTIyYm9yZGVyJTNBMCUzQiUyMiUyMGFsbG93ZnVsbHNjcmVlbiUzRCUyMiUyMiUyMGxvYWRpbmclM0QlMjJsYXp5JTIyJTIwcmVmZXJyZXJwb2xpY3klM0QlMjJuby1yZWZlcnJlci13aGVuLWRvd25ncmFkZSUyMiUzRSUzQyUyRmlmcmFtZSUzRQ==&raquo;][\/vc_column][\/vc_row]<\/p>\n<\/section>","protected":false},"excerpt":{"rendered":"<p>[vc_row][vc_column width=&raquo;1\/2&#8243;][vc_single_image image=&raquo;3628&#8243; img_size=&raquo;500&#215;300&#8243;][\/vc_column][vc_column width=&raquo;1\/2&#8243;][vc_column_text] Hvis du har sp\u00f8rsm\u00e5l, ta gjerne kontakt med oss. &nbsp; Profilhuset AS Bj\u00f8rnerudveien 12B 1266 Oslo monica@profilhuset.no (+47) 47332952 [\/vc_column_text][\/vc_column][\/vc_row][vc_row][vc_column][\/vc_column][\/vc_row][vc_row][vc_column][vc_gmaps link=&raquo;#E-8_JTNDaWZyYW1lJTIwc3JjJTNEJTIyaHR0cHMlM0ElMkYlMkZ3d3cuZ29vZ2xlLmNvbSUyRm1hcHMlMkZlbWJlZCUzRnBiJTNEJTIxMW0xNCUyMTFtOCUyMTFtMyUyMTFkNDAwOC43NDgwOTgxNDMyMDYlMjEyZDEwLjgxOTY2MiUyMTNkNTkuODQyOTI4MDAwMDAwMDElMjEzbTIlMjExaTEwMjQlMjEyaTc2OCUyMTRmMTMuMSUyMTNtMyUyMTFtMiUyMTFzMHgwJTI1M0EweDhmOTNjOGMzYTFiMDI2MzQlMjEyc1Byb2ZpbGh1c2V0JTI1MjBHb3NoJTI1MjBBUyUyMTVlMCUyMTNtMiUyMTFzbm8lMjEyc25vJTIxNHYxNjczNjAxNDU0MTM3JTIxNW0yJTIxMXNubyUyMTJzbm8lMjIlMjB3aWR0aCUzRCUyMjYwMCUyMiUyMGhlaWdodCUzRCUyMjQ1MCUyMiUyMHN0eWxlJTNEJTIyYm9yZGVyJTNBMCUzQiUyMiUyMGFsbG93ZnVsbHNjcmVlbiUzRCUyMiUyMiUyMGxvYWRpbmclM0QlMjJsYXp5JTIyJTIwcmVmZXJyZXJwb2xpY3klM0QlMjJuby1yZWZlcnJlci13aGVuLWRvd25ncmFkZSUyMiUzRSUzQyUyRmlmcmFtZSUzRQ==&raquo;][\/vc_column][\/vc_row]<\/p>\n","protected":false},"author":3,"featured_media":0,"parent":0,"menu_order":0,"comment_status":"closed","ping_status":"closed","template":"","meta":{"footnotes":""},"class_list":["post-406","page","type-page","status-publish","hentry"],"yoast_head":"<!-- This site is optimized with the Yoast SEO plugin v27.1.1 - https:\/\/yoast.com\/product\/yoast-seo-wordpress\/ -->\n<title>Kontakt oss - Mekonomen Nettbutikk<\/title>\n<meta name=\"robots\" content=\"index, follow, max-snippet:-1, max-image-preview:large, max-video-preview:-1\" \/>\n<link rel=\"canonical\" href=\"https:\/\/mekonomen.24sevenstore.no\/index.php\/kontakt-oss\/\" \/>\n<meta property=\"og:locale\" content=\"nb_NO\" \/>\n<meta property=\"og:type\" content=\"article\" \/>\n<meta property=\"og:title\" content=\"Kontakt oss - Mekonomen Nettbutikk\" \/>\n<meta property=\"og:description\" content=\"[vc_row][vc_column width=&raquo;1\/2&#8243;][vc_single_image image=&raquo;3628&#8243; img_size=&raquo;500&#215;300&#8243;][\/vc_column][vc_column width=&raquo;1\/2&#8243;][vc_column_text] Hvis du har sp\u00f8rsm\u00e5l, ta gjerne kontakt med oss. &nbsp; Profilhuset AS Bj\u00f8rnerudveien 12B 1266 Oslo monica@profilhuset.no (+47) 47332952 [\/vc_column_text][\/vc_column][\/vc_row][vc_row][vc_column][\/vc_column][\/vc_row][vc_row][vc_column][vc_gmaps link=&raquo;#E-8_JTNDaWZyYW1lJTIwc3JjJTNEJTIyaHR0cHMlM0ElMkYlMkZ3d3cuZ29vZ2xlLmNvbSUyRm1hcHMlMkZlbWJlZCUzRnBiJTNEJTIxMW0xNCUyMTFtOCUyMTFtMyUyMTFkNDAwOC43NDgwOTgxNDMyMDYlMjEyZDEwLjgxOTY2MiUyMTNkNTkuODQyOTI4MDAwMDAwMDElMjEzbTIlMjExaTEwMjQlMjEyaTc2OCUyMTRmMTMuMSUyMTNtMyUyMTFtMiUyMTFzMHgwJTI1M0EweDhmOTNjOGMzYTFiMDI2MzQlMjEyc1Byb2ZpbGh1c2V0JTI1MjBHb3NoJTI1MjBBUyUyMTVlMCUyMTNtMiUyMTFzbm8lMjEyc25vJTIxNHYxNjczNjAxNDU0MTM3JTIxNW0yJTIxMXNubyUyMTJzbm8lMjIlMjB3aWR0aCUzRCUyMjYwMCUyMiUyMGhlaWdodCUzRCUyMjQ1MCUyMiUyMHN0eWxlJTNEJTIyYm9yZGVyJTNBMCUzQiUyMiUyMGFsbG93ZnVsbHNjcmVlbiUzRCUyMiUyMiUyMGxvYWRpbmclM0QlMjJsYXp5JTIyJTIwcmVmZXJyZXJwb2xpY3klM0QlMjJuby1yZWZlcnJlci13aGVuLWRvd25ncmFkZSUyMiUzRSUzQyUyRmlmcmFtZSUzRQ==&raquo;][\/vc_column][\/vc_row]\" \/>\n<meta property=\"og:url\" content=\"https:\/\/mekonomen.24sevenstore.no\/index.php\/kontakt-oss\/\" \/>\n<meta property=\"og:site_name\" content=\"Mekonomen Nettbutikk\" \/>\n<meta property=\"article:modified_time\" content=\"2023-02-13T11:32:44+00:00\" \/>\n<meta name=\"twitter:card\" content=\"summary_large_image\" \/>\n<meta name=\"twitter:label1\" content=\"Ansl. lesetid\" \/>\n\t<meta name=\"twitter:data1\" content=\"1 minutt\" \/>\n<script type=\"application\/ld+json\" class=\"yoast-schema-graph\">{\"@context\":\"https:\/\/schema.org\",\"@graph\":[{\"@type\":\"WebPage\",\"@id\":\"https:\/\/mekonomen.24sevenstore.no\/index.php\/kontakt-oss\/\",\"url\":\"https:\/\/mekonomen.24sevenstore.no\/index.php\/kontakt-oss\/\",\"name\":\"Kontakt oss - Mekonomen Nettbutikk\",\"isPartOf\":{\"@id\":\"https:\/\/mekonomen.24sevenstore.no\/#website\"},\"datePublished\":\"2020-02-11T12:33:01+00:00\",\"dateModified\":\"2023-02-13T11:32:44+00:00\",\"breadcrumb\":{\"@id\":\"https:\/\/mekonomen.24sevenstore.no\/index.php\/kontakt-oss\/#breadcrumb\"},\"inLanguage\":\"nb-NO\",\"potentialAction\":[{\"@type\":\"ReadAction\",\"target\":[\"https:\/\/mekonomen.24sevenstore.no\/index.php\/kontakt-oss\/\"]}]},{\"@type\":\"BreadcrumbList\",\"@id\":\"https:\/\/mekonomen.24sevenstore.no\/index.php\/kontakt-oss\/#breadcrumb\",\"itemListElement\":[{\"@type\":\"ListItem\",\"position\":1,\"name\":\"Home\",\"item\":\"https:\/\/mekonomen.24sevenstore.no\/\"},{\"@type\":\"ListItem\",\"position\":2,\"name\":\"Kontakt oss\"}]},{\"@type\":\"WebSite\",\"@id\":\"https:\/\/mekonomen.24sevenstore.no\/#website\",\"url\":\"https:\/\/mekonomen.24sevenstore.no\/\",\"name\":\"Mekonomen Nettbutikk\",\"description\":\"Profilhuset AS\",\"potentialAction\":[{\"@type\":\"SearchAction\",\"target\":{\"@type\":\"EntryPoint\",\"urlTemplate\":\"https:\/\/mekonomen.24sevenstore.no\/?s={search_term_string}\"},\"query-input\":{\"@type\":\"PropertyValueSpecification\",\"valueRequired\":true,\"valueName\":\"search_term_string\"}}],\"inLanguage\":\"nb-NO\"}]}<\/script>\n<!-- \/ Yoast SEO plugin. -->","yoast_head_json":{"title":"Kontakt oss - Mekonomen Nettbutikk","robots":{"index":"index","follow":"follow","max-snippet":"max-snippet:-1","max-image-preview":"max-image-preview:large","max-video-preview":"max-video-preview:-1"},"canonical":"https:\/\/mekonomen.24sevenstore.no\/index.php\/kontakt-oss\/","og_locale":"nb_NO","og_type":"article","og_title":"Kontakt oss - Mekonomen Nettbutikk","og_description":"[vc_row][vc_column width=&raquo;1\/2&#8243;][vc_single_image image=&raquo;3628&#8243; img_size=&raquo;500&#215;300&#8243;][\/vc_column][vc_column width=&raquo;1\/2&#8243;][vc_column_text] Hvis du har sp\u00f8rsm\u00e5l, ta gjerne kontakt med oss. &nbsp; Profilhuset AS Bj\u00f8rnerudveien 12B 1266 Oslo monica@profilhuset.no (+47) 47332952 [\/vc_column_text][\/vc_column][\/vc_row][vc_row][vc_column][\/vc_column][\/vc_row][vc_row][vc_column][vc_gmaps link=&raquo;#E-8_JTNDaWZyYW1lJTIwc3JjJTNEJTIyaHR0cHMlM0ElMkYlMkZ3d3cuZ29vZ2xlLmNvbSUyRm1hcHMlMkZlbWJlZCUzRnBiJTNEJTIxMW0xNCUyMTFtOCUyMTFtMyUyMTFkNDAwOC43NDgwOTgxNDMyMDYlMjEyZDEwLjgxOTY2MiUyMTNkNTkuODQyOTI4MDAwMDAwMDElMjEzbTIlMjExaTEwMjQlMjEyaTc2OCUyMTRmMTMuMSUyMTNtMyUyMTFtMiUyMTFzMHgwJTI1M0EweDhmOTNjOGMzYTFiMDI2MzQlMjEyc1Byb2ZpbGh1c2V0JTI1MjBHb3NoJTI1MjBBUyUyMTVlMCUyMTNtMiUyMTFzbm8lMjEyc25vJTIxNHYxNjczNjAxNDU0MTM3JTIxNW0yJTIxMXNubyUyMTJzbm8lMjIlMjB3aWR0aCUzRCUyMjYwMCUyMiUyMGhlaWdodCUzRCUyMjQ1MCUyMiUyMHN0eWxlJTNEJTIyYm9yZGVyJTNBMCUzQiUyMiUyMGFsbG93ZnVsbHNjcmVlbiUzRCUyMiUyMiUyMGxvYWRpbmclM0QlMjJsYXp5JTIyJTIwcmVmZXJyZXJwb2xpY3klM0QlMjJuby1yZWZlcnJlci13aGVuLWRvd25ncmFkZSUyMiUzRSUzQyUyRmlmcmFtZSUzRQ==&raquo;][\/vc_column][\/vc_row]","og_url":"https:\/\/mekonomen.24sevenstore.no\/index.php\/kontakt-oss\/","og_site_name":"Mekonomen Nettbutikk","article_modified_time":"2023-02-13T11:32:44+00:00","twitter_card":"summary_large_image","twitter_misc":{"Ansl. lesetid":"1 minutt"},"schema":{"@context":"https:\/\/schema.org","@graph":[{"@type":"WebPage","@id":"https:\/\/mekonomen.24sevenstore.no\/index.php\/kontakt-oss\/","url":"https:\/\/mekonomen.24sevenstore.no\/index.php\/kontakt-oss\/","name":"Kontakt oss - Mekonomen Nettbutikk","isPartOf":{"@id":"https:\/\/mekonomen.24sevenstore.no\/#website"},"datePublished":"2020-02-11T12:33:01+00:00","dateModified":"2023-02-13T11:32:44+00:00","breadcrumb":{"@id":"https:\/\/mekonomen.24sevenstore.no\/index.php\/kontakt-oss\/#breadcrumb"},"inLanguage":"nb-NO","potentialAction":[{"@type":"ReadAction","target":["https:\/\/mekonomen.24sevenstore.no\/index.php\/kontakt-oss\/"]}]},{"@type":"BreadcrumbList","@id":"https:\/\/mekonomen.24sevenstore.no\/index.php\/kontakt-oss\/#breadcrumb","itemListElement":[{"@type":"ListItem","position":1,"name":"Home","item":"https:\/\/mekonomen.24sevenstore.no\/"},{"@type":"ListItem","position":2,"name":"Kontakt oss"}]},{"@type":"WebSite","@id":"https:\/\/mekonomen.24sevenstore.no\/#website","url":"https:\/\/mekonomen.24sevenstore.no\/","name":"Mekonomen Nettbutikk","description":"Profilhuset AS","potentialAction":[{"@type":"SearchAction","target":{"@type":"EntryPoint","urlTemplate":"https:\/\/mekonomen.24sevenstore.no\/?s={search_term_string}"},"query-input":{"@type":"PropertyValueSpecification","valueRequired":true,"valueName":"search_term_string"}}],"inLanguage":"nb-NO"}]}},"_links":{"self":[{"href":"https:\/\/mekonomen.24sevenstore.no\/index.php\/wp-json\/wp\/v2\/pages\/406","targetHints":{"allow":["GET"]}}],"collection":[{"href":"https:\/\/mekonomen.24sevenstore.no\/index.php\/wp-json\/wp\/v2\/pages"}],"about":[{"href":"https:\/\/mekonomen.24sevenstore.no\/index.php\/wp-json\/wp\/v2\/types\/page"}],"author":[{"embeddable":true,"href":"https:\/\/mekonomen.24sevenstore.no\/index.php\/wp-json\/wp\/v2\/users\/3"}],"replies":[{"embeddable":true,"href":"https:\/\/mekonomen.24sevenstore.no\/index.php\/wp-json\/wp\/v2\/comments?post=406"}],"version-history":[{"count":23,"href":"https:\/\/mekonomen.24sevenstore.no\/index.php\/wp-json\/wp\/v2\/pages\/406\/revisions"}],"predecessor-version":[{"id":3630,"href":"https:\/\/mekonomen.24sevenstore.no\/index.php\/wp-json\/wp\/v2\/pages\/406\/revisions\/3630"}],"wp:attachment":[{"href":"https:\/\/mekonomen.24sevenstore.no\/index.php\/wp-json\/wp\/v2\/media?parent=406"}],"curies":[{"name":"wp","href":"https:\/\/api.w.org\/{rel}","templated":true}]}}