{"id":404,"date":"2020-02-11T12:32:49","date_gmt":"2020-02-11T12:32:49","guid":{"rendered":"https:\/\/mekonomen.24sevenstore.no\/?page_id=404"},"modified":"2023-02-13T12:42:07","modified_gmt":"2023-02-13T11:42:07","slug":"om-oss","status":"publish","type":"page","link":"https:\/\/mekonomen.24sevenstore.no\/index.php\/om-oss\/","title":{"rendered":"Om oss"},"content":{"rendered":"<section class=\"wpb-content-wrapper\"><style type=\"text\/css\"><\/style><p>[vc_row][vc_column][vc_column_text]<\/p>\n<h2 id=\"cmsms_heading_63b574c8ec319\" class=\"cmsms_heading\"><strong>Personlig samarbeid og sikker leveranse er viktigst!<\/strong><\/h2>\n<div id=\"cmsms_divider_63b574c8ec339\" class=\"cl\">\n<div class=\"container\">\n<div class=\"row\">\n<div class=\"col-xs-12 col-md-8\">\n<p>PROFILHUSET AS er en familiebedrift med lang historikk.<br \/>\nKunnskapen rundt silketrykk har g\u00e5tt gjennom generasjoner.<br \/>\nPROFILHUSET AS har sitt utspring fra en av landets f\u00f8rste serigrafer\/ silketrykkeriet<br \/>\nAlfred Syversen var dagens eier og daglig leder Fredrik Wraamann sin farfar.<\/p>\n<p><strong>Alfred Syversen<\/strong><br \/>\nGjennom fornyelse og videreutvikling av selskapet ble Ski Silketrykk etabler i 1983.<br \/>\nDa kom S\u00e6thren &amp; Wraamann inn p\u00e5 eiersiden.<br \/>\nMed bl.a dagens eiers far Hans Fredrik Wraamann, som en av aksjon\u00e6rene.<\/p>\n<p><strong>Hans Fredrik Wraamann<\/strong><br \/>\nSki Silketrykk AS flyttet sin virksomhet i 1996 til Bj\u00f8rnerud i Oslo og skiftet navn til PROFILHUSET AS, hvor vi fortsatt er lokalisert. For \u00e5 utvikle selskapet videre i den formen den har i dag, valgte dagens eier Fredrik Wraamann \u00e5 kj\u00f8pe ut S\u00e6thren &amp; Wraamann sin eierpost i selskapet og er i dag selskapets hovedaksjon\u00e6r.<\/p>\n<p><strong>Fredrik Wraamann<\/strong><br \/>\nPROFILHUSET AS er en unik todelt bedrift med produksjon og salgsavdeling i samme hus. Vi disponerer i dag ca 1000m2 produksjonslokale, med topp moderne produksjonsutstyr, samt 250m2 kontorer \/showroom. Dette gir oss mulighet til \u00e5 kvalitetssikre levering i alle ledd samt h\u00e5ndtere korte leveringsfrister. PROFILHUSET AS fremst\u00e5r i dag som en av de ledene leverand\u00f8rer av profil, reklame, gave og event produkter. I dag er PROFILHUSET AS en dynamisk service bedrift. Med v\u00e5r lange erfaring h\u00e5ndterer vi alle henvendelser innen profilering og reklame. Bedriften har i dag 12 ansatte med en omsetning p\u00e5 rundt 35 Millioner. PROFILHUSET AS er landets st\u00f8rste leverand\u00f8r av startnummer og arenareklame.<\/p>\n<p><strong>Profilprodukter og reklameartikler<\/strong><br \/>\nProfileringsprodukter og reklameartikler er produkter som er merket med firmanavn, logo eller varemerke. Dette blir ofte brukt i forbindelse med messer, kampanjer eller andre aktiviteter for \u00e5 \u00f8ke eksponeringen til et firma, produkt eller budskap. Vi opererer ikke som en vanlig hyllebutikk med et begrenset utvalg, men har samlet h\u00f8ykvalitetsprodukter for alle behov fra n\u00f8ye utvalgte leverand\u00f8rer og produsenter.<\/p>\n<p><strong>Profil- og arbeidskl\u00e6r<\/strong><br \/>\nProfilkl\u00e6r er kl\u00e6r som benyttes for profilering av en bedrifts navn eller varemerke, for \u00e5 forsterke identitet og \u00f8ke eksponering. Vi tilbyr et bredt utvalg av arbeidskl\u00e6r, sko og verneutstyr, t\u00f8y til horecamarkedet, service og handel, sykehus, apotek og generell uniformsbekledning.<br \/>\nSt\u00f8rsteparten av v\u00e5re bestillinger er ferdigproduserte kl\u00e6r som bearbeides lokalt med transfer, silketrykk, broderi, etc. Men vi leverer ogs\u00e5 profilkl\u00e6r som er designet og produsert spesielt for din bedrift, etter egne behov og \u00f8nsker.<\/p>\n<p><strong>Firmagaver<\/strong><br \/>\nDet er ikke alltid lett \u00e5 finne ut hva man skal gi til sine ansatte eller kunder p\u00e5 merkedager, i julegaver eller bare som en takk for god innsats. Vi tilbyr et variert og spennende utvalg av firmagaver innenfor ulike kategorier og prisklasser, og har tette og eksklusive samarbeid med flere anerkjente merkevareprodusenter. Bestill via nettbutikken v\u00e5r, eller kontakt oss for forslag p\u00e5 gaver som passer den \u00f8nsker og behov.<\/p>\n<p><strong>Vi kan tilby dere en egen nettbutikk<\/strong><br \/>\nHos oss kan bedriften deres f\u00e5 deres helt egen nettbutikk. Her kan de ansatte handle egne profilprodukter, samt at avdelingene p\u00e5 en enkel m\u00e5te kan hente ut et mindre antall profilprodukter fra et st\u00f8rre lager. Denne l\u00f8sningen er spesielt effektiv hvis bedriften holder til p\u00e5 flere ulike lokasjoner. Vi bist\u00e5r dere med produksjon av nettbutikk, lager og distribusjon. Kontakt oss for mer informasjon om denne l\u00f8sningen.<\/p>\n<p>&nbsp;<\/p>\n<h3><strong>Vi utvikler oss sammen med v\u00e5re ku<\/strong><strong>nder.<\/strong><\/h3>\n<\/div>\n<\/div>\n<\/div>\n<\/div>\n<p>[\/vc_column_text][\/vc_column][\/vc_row][vc_row][vc_column][vc_single_image image=&raquo;3626&#8243; img_size=&raquo;1550&#215;500&#8243; alignment=&raquo;center&raquo; onclick=&raquo;custom_link&raquo; img_link_target=&raquo;_blank&raquo; css_animation=&raquo;bounceIn&raquo; link=&raquo;http:\/\/profilhuset.no&raquo;][\/vc_column][\/vc_row]<\/p>\n<\/section>","protected":false},"excerpt":{"rendered":"<p>[vc_row][vc_column][vc_column_text] Personlig samarbeid og sikker leveranse er viktigst! PROFILHUSET AS er en familiebedrift med lang historikk. Kunnskapen rundt silketrykk har g\u00e5tt gjennom generasjoner. PROFILHUSET AS har sitt utspring fra en&#8230;<\/p>\n","protected":false},"author":3,"featured_media":0,"parent":0,"menu_order":0,"comment_status":"closed","ping_status":"closed","template":"","meta":{"footnotes":""},"class_list":["post-404","page","type-page","status-publish","hentry"],"yoast_head":"<!-- This site is optimized with the Yoast SEO plugin v27.1.1 - https:\/\/yoast.com\/product\/yoast-seo-wordpress\/ -->\n<title>Om oss - Mekonomen Nettbutikk<\/title>\n<meta name=\"robots\" content=\"index, follow, max-snippet:-1, max-image-preview:large, max-video-preview:-1\" \/>\n<link rel=\"canonical\" href=\"https:\/\/mekonomen.24sevenstore.no\/index.php\/om-oss\/\" \/>\n<meta property=\"og:locale\" content=\"nb_NO\" \/>\n<meta property=\"og:type\" content=\"article\" \/>\n<meta property=\"og:title\" content=\"Om oss - Mekonomen Nettbutikk\" \/>\n<meta property=\"og:description\" content=\"[vc_row][vc_column][vc_column_text] Personlig samarbeid og sikker leveranse er viktigst! PROFILHUSET AS er en familiebedrift med lang historikk. Kunnskapen rundt silketrykk har g\u00e5tt gjennom generasjoner. PROFILHUSET AS har sitt utspring fra en...\" \/>\n<meta property=\"og:url\" content=\"https:\/\/mekonomen.24sevenstore.no\/index.php\/om-oss\/\" \/>\n<meta property=\"og:site_name\" content=\"Mekonomen Nettbutikk\" \/>\n<meta property=\"article:modified_time\" content=\"2023-02-13T11:42:07+00:00\" \/>\n<meta name=\"twitter:card\" content=\"summary_large_image\" \/>\n<meta name=\"twitter:label1\" content=\"Ansl. lesetid\" \/>\n\t<meta name=\"twitter:data1\" content=\"3 minutter\" \/>\n<script type=\"application\/ld+json\" class=\"yoast-schema-graph\">{\"@context\":\"https:\/\/schema.org\",\"@graph\":[{\"@type\":\"WebPage\",\"@id\":\"https:\/\/mekonomen.24sevenstore.no\/index.php\/om-oss\/\",\"url\":\"https:\/\/mekonomen.24sevenstore.no\/index.php\/om-oss\/\",\"name\":\"Om oss - Mekonomen Nettbutikk\",\"isPartOf\":{\"@id\":\"https:\/\/mekonomen.24sevenstore.no\/#website\"},\"datePublished\":\"2020-02-11T12:32:49+00:00\",\"dateModified\":\"2023-02-13T11:42:07+00:00\",\"breadcrumb\":{\"@id\":\"https:\/\/mekonomen.24sevenstore.no\/index.php\/om-oss\/#breadcrumb\"},\"inLanguage\":\"nb-NO\",\"potentialAction\":[{\"@type\":\"ReadAction\",\"target\":[\"https:\/\/mekonomen.24sevenstore.no\/index.php\/om-oss\/\"]}]},{\"@type\":\"BreadcrumbList\",\"@id\":\"https:\/\/mekonomen.24sevenstore.no\/index.php\/om-oss\/#breadcrumb\",\"itemListElement\":[{\"@type\":\"ListItem\",\"position\":1,\"name\":\"Home\",\"item\":\"https:\/\/mekonomen.24sevenstore.no\/\"},{\"@type\":\"ListItem\",\"position\":2,\"name\":\"Om oss\"}]},{\"@type\":\"WebSite\",\"@id\":\"https:\/\/mekonomen.24sevenstore.no\/#website\",\"url\":\"https:\/\/mekonomen.24sevenstore.no\/\",\"name\":\"Mekonomen Nettbutikk\",\"description\":\"Profilhuset AS\",\"potentialAction\":[{\"@type\":\"SearchAction\",\"target\":{\"@type\":\"EntryPoint\",\"urlTemplate\":\"https:\/\/mekonomen.24sevenstore.no\/?s={search_term_string}\"},\"query-input\":{\"@type\":\"PropertyValueSpecification\",\"valueRequired\":true,\"valueName\":\"search_term_string\"}}],\"inLanguage\":\"nb-NO\"}]}<\/script>\n<!-- \/ Yoast SEO plugin. -->","yoast_head_json":{"title":"Om oss - Mekonomen Nettbutikk","robots":{"index":"index","follow":"follow","max-snippet":"max-snippet:-1","max-image-preview":"max-image-preview:large","max-video-preview":"max-video-preview:-1"},"canonical":"https:\/\/mekonomen.24sevenstore.no\/index.php\/om-oss\/","og_locale":"nb_NO","og_type":"article","og_title":"Om oss - Mekonomen Nettbutikk","og_description":"[vc_row][vc_column][vc_column_text] Personlig samarbeid og sikker leveranse er viktigst! PROFILHUSET AS er en familiebedrift med lang historikk. Kunnskapen rundt silketrykk har g\u00e5tt gjennom generasjoner. PROFILHUSET AS har sitt utspring fra en...","og_url":"https:\/\/mekonomen.24sevenstore.no\/index.php\/om-oss\/","og_site_name":"Mekonomen Nettbutikk","article_modified_time":"2023-02-13T11:42:07+00:00","twitter_card":"summary_large_image","twitter_misc":{"Ansl. lesetid":"3 minutter"},"schema":{"@context":"https:\/\/schema.org","@graph":[{"@type":"WebPage","@id":"https:\/\/mekonomen.24sevenstore.no\/index.php\/om-oss\/","url":"https:\/\/mekonomen.24sevenstore.no\/index.php\/om-oss\/","name":"Om oss - Mekonomen Nettbutikk","isPartOf":{"@id":"https:\/\/mekonomen.24sevenstore.no\/#website"},"datePublished":"2020-02-11T12:32:49+00:00","dateModified":"2023-02-13T11:42:07+00:00","breadcrumb":{"@id":"https:\/\/mekonomen.24sevenstore.no\/index.php\/om-oss\/#breadcrumb"},"inLanguage":"nb-NO","potentialAction":[{"@type":"ReadAction","target":["https:\/\/mekonomen.24sevenstore.no\/index.php\/om-oss\/"]}]},{"@type":"BreadcrumbList","@id":"https:\/\/mekonomen.24sevenstore.no\/index.php\/om-oss\/#breadcrumb","itemListElement":[{"@type":"ListItem","position":1,"name":"Home","item":"https:\/\/mekonomen.24sevenstore.no\/"},{"@type":"ListItem","position":2,"name":"Om oss"}]},{"@type":"WebSite","@id":"https:\/\/mekonomen.24sevenstore.no\/#website","url":"https:\/\/mekonomen.24sevenstore.no\/","name":"Mekonomen Nettbutikk","description":"Profilhuset AS","potentialAction":[{"@type":"SearchAction","target":{"@type":"EntryPoint","urlTemplate":"https:\/\/mekonomen.24sevenstore.no\/?s={search_term_string}"},"query-input":{"@type":"PropertyValueSpecification","valueRequired":true,"valueName":"search_term_string"}}],"inLanguage":"nb-NO"}]}},"_links":{"self":[{"href":"https:\/\/mekonomen.24sevenstore.no\/index.php\/wp-json\/wp\/v2\/pages\/404","targetHints":{"allow":["GET"]}}],"collection":[{"href":"https:\/\/mekonomen.24sevenstore.no\/index.php\/wp-json\/wp\/v2\/pages"}],"about":[{"href":"https:\/\/mekonomen.24sevenstore.no\/index.php\/wp-json\/wp\/v2\/types\/page"}],"author":[{"embeddable":true,"href":"https:\/\/mekonomen.24sevenstore.no\/index.php\/wp-json\/wp\/v2\/users\/3"}],"replies":[{"embeddable":true,"href":"https:\/\/mekonomen.24sevenstore.no\/index.php\/wp-json\/wp\/v2\/comments?post=404"}],"version-history":[{"count":22,"href":"https:\/\/mekonomen.24sevenstore.no\/index.php\/wp-json\/wp\/v2\/pages\/404\/revisions"}],"predecessor-version":[{"id":3632,"href":"https:\/\/mekonomen.24sevenstore.no\/index.php\/wp-json\/wp\/v2\/pages\/404\/revisions\/3632"}],"wp:attachment":[{"href":"https:\/\/mekonomen.24sevenstore.no\/index.php\/wp-json\/wp\/v2\/media?parent=404"}],"curies":[{"name":"wp","href":"https:\/\/api.w.org\/{rel}","templated":true}]}}